{"id":53,"date":"2019-08-07T14:36:15","date_gmt":"2019-08-07T14:36:15","guid":{"rendered":"http:\/\/gartenbauverein-stein.de\/?page_id=53"},"modified":"2019-11-11T21:06:12","modified_gmt":"2019-11-11T21:06:12","slug":"impressum","status":"publish","type":"page","link":"https:\/\/gartenbauverein-stein.de\/?page_id=53","title":{"rendered":"Impressum\/Datenschutz"},"content":{"rendered":"<p class=\"Textbody\"><span class=\"StrongEmphasis\">Verantwortlich:<\/span><\/p>\n<p class=\"Textbody\">Verein f\u00fcr Gartenbau und Landespflege Stein e.V.<\/p>\n<p class=\"Textbody\"><span class=\"StrongEmphasis\">Vertreten durch:<\/span><\/p>\n<p class=\"Textbody\">Mathias Dimmling<\/p>\n<p class=\"Textbody\"><span class=\"StrongEmphasis\">Kontakt:<\/span><\/p>\n<p class=\"Textbody\">Jagdweg 14, 90547 Stein<\/p>\n<p class=\"Textbody\">E-Mail: <a href=\"mailto:mathias.dimmling@gartenbauverein-stein.de\">mathias.dimmling@gartenbauverein-stein.de<\/a><\/p>\n<p class=\"Textbody\"><span class=\"StrongEmphasis\">Haftungsausschluss:<\/span><\/p>\n<p class=\"Textbody\">Die bereitgestellten Informationen in diesem Projekt wurden sorgf\u00e4ltig gepr\u00fcft und werden regelm\u00e4\u00dfig aktualisiert. Jedoch kann keine Garantie daf\u00fcr \u00fcbernommen werden, dass alle Angaben zu jeder Zeit vollst\u00e4ndig, richtig und in letzter Aktualit\u00e4t dargestellt sind. Dies gilt insbesondere f\u00fcr alle Verbindungen (\u201eLinks\u201c) zu anderen Web Sites, auf die direkt oder indirekt verwiesen wird. Alle Angaben k\u00f6nnen ohne vorherige Ank\u00fcndigung erg\u00e4nzt, entfernt oder ge\u00e4ndert werden<\/p>\n<p class=\"Textbody\"><span class=\"StrongEmphasis\">Angaben gem\u00e4\u00df \u00a7 5 TMG:<\/span><\/p>\n<p class=\"Textbody\">Verein f\u00fcr Gartenbau und Landespflege Stein e.V<\/p>\n<p class=\"Textbody\">Locher Str. 3 a, 90547 Stein<\/p>\n<p class=\"Textbody\"><span class=\"StrongEmphasis\">Vertreten durch:<\/span><\/p>\n<p class=\"Textbody\">Bettina Heckel<\/p>\n<p class=\"Textbody\">E-Mail: <a href=\"mailto:info@gartenbauverein.stein.de\">info@gartenbauverein.stein.de<\/a><\/p>\n<p class=\"Textbody\"><span class=\"StrongEmphasis\">Verantwortlich f\u00fcr den redaktionellen Inhalt dieser Seiten:<\/span><\/p>\n<p class=\"Textbody\">Mathias Dimmling<\/p>\n<p class=\"Textbody\">Die Europ\u00e4ische Kommission stellt eine Plattform zur Online-Streitbeilegung (OS) bereit:<\/p>\n<p class=\"Textbody\">http:\/\/ec.europa.eu\/consumers\/odr.\u00a0Unsere E-Mail-Adresse finden Sie oben im Impressum.\u00a0Wir sind nicht bereit oder verpflichtet, an Streitbeilegungsverfahren vor einer Verbraucherschlichtungsstelle teilzunehmen.<\/p>\n<p class=\"Textbody\"><span class=\"StrongEmphasis\">Haftung f\u00fcr Inhalte:<\/span><\/p>\n<p class=\"Textbody\">Als Diensteanbieter sind wir gem\u00e4\u00df \u00a7 7 Abs.1 TMG f\u00fcr eigene Inhalte auf diesen Seiten nach den allgemeinen Gesetzen verantwortlich. Nach \u00a7\u00a7 8 bis 10 TMG sind wir als Diensteanbieter jedoch nicht verpflichtet, \u00fcbermittelte oder gespeicherte fremde Informationen zu \u00fcberwachen oder nach Umst\u00e4nden zu forschen, die auf eine rechtswidrige T\u00e4tigkeit hinweisen.<\/p>\n<p class=\"Textbody\">Verpflichtungen zur Entfernung oder Sperrung der Nutzung von Informationen nach den allgemeinen Gesetzen bleiben hiervon unber\u00fchrt. Eine diesbez\u00fcgliche Haftung ist jedoch erst ab dem Zeitpunkt der Kenntnis einer konkreten Rechtsverletzung m\u00f6glich. Bei Bekanntwerden von entsprechenden Rechtsverletzungen werden wir diese Inhalte umgehend entfernen.<\/p>\n<p class=\"Textbody\"><span class=\"StrongEmphasis\">Haftung f\u00fcr Links:<\/span><\/p>\n<p class=\"Textbody\">Unser Angebot enth\u00e4lt Links zu externen Webseiten Dritter, auf deren Inhalte wir keinen Einfluss haben. Deshalb k\u00f6nnen wir f\u00fcr diese fremden Inhalte auch keine Gew\u00e4hr \u00fcbernehmen. F\u00fcr die Inhalte der verlinkten Seiten ist stets der jeweilige Anbieter oder Betreiber der Seiten verantwortlich. Die verlinkten Seiten wurden zum Zeitpunkt der Verlinkung auf m\u00f6gliche Rechtsverst\u00f6\u00dfe \u00fcberpr\u00fcft. Rechtswidrige Inhalte waren zum Zeitpunkt der Verlinkung nicht erkennbar.<\/p>\n<p class=\"Textbody\">Eine permanente inhaltliche Kontrolle der verlinkten Seiten ist jedoch ohne konkrete Anhaltspunkte einer Rechtsverletzung nicht zumutbar. Bei Bekanntwerden von Rechtsverletzungen werden wir derartige Links umgehend entfernen.<\/p>\n<p class=\"Textbody\"><span class=\"StrongEmphasis\">Urheberrecht:<\/span><\/p>\n<p class=\"Textbody\">Die durch die Seitenbetreiber erstellten Inhalte und Werke auf diesen Seiten unterliegen dem deutschen Urheberrecht. Die Vervielf\u00e4ltigung, Bearbeitung, Verbreitung und jede Art der Verwertung au\u00dferhalb der Grenzen des Urheberrechtes bed\u00fcrfen der schriftlichen Zustimmung des jeweiligen Autors bzw. Erstellers. Downloads und Kopien dieser Seite sind nur f\u00fcr den privaten, nicht kommerziellen Gebrauch gestattet.<\/p>\n<p class=\"Textbody\">Soweit die Inhalte auf dieser Seite nicht vom Betreiber erstellt wurden, werden die Urheberrechte Dritter beachtet. Insbesondere werden Inhalte Dritter als solche gekennzeichnet. Sollten Sie trotzdem auf eine Urheberrechtsverletzung aufmerksam werden, bitten wir um einen entsprechenden Hinweis. Bei Bekanntwerden von Rechtsverletzungen werden wir derartige Inhalte umgehend entfernen.<\/p>\n<p class=\"Textbody\"><span class=\"StrongEmphasis\">Urheberrecht f\u00fcr Bilder:<\/span><\/p>\n<p class=\"Textbody\">Verein f\u00fcr Gartenbau und Landespflege Stein e.V.<\/p>\n<p class=\"Textbody\"><span class=\"StrongEmphasis\">Vertreten durch:<\/span><\/p>\n<p class=\"Textbody\">Bettina Heckel<\/p>\n<p class=\"Textbody\"><span class=\"StrongEmphasis\">Kontakt:<\/span><\/p>\n<p class=\"Textbody\"><a href=\"mailto:info@gartenbauverein-stein.de\">info@gartenbauverein-stein.de<\/a><\/p>\n","protected":false},"excerpt":{"rendered":"<p>Verantwortlich: Verein f\u00fcr Gartenbau und Landespflege Stein e.V. Vertreten durch: Mathias Dimmling Kontakt: Jagdweg 14, 90547 Stein E-Mail: mathias.dimmling@gartenbauverein-stein.de Haftungsausschluss: Die bereitgestellten Informationen in diesem Projekt wurden sorgf\u00e4ltig gepr\u00fcft und<\/p>\n<p>\n                <span class=\"glyphicon glyphicon-arrow-right\"><a title=\"Continue reading\" href=\"https:\/\/gartenbauverein-stein.de\/?page_id=53\">Continue reading<\/a><\/span><\/p>\n","protected":false},"author":1,"featured_media":0,"parent":0,"menu_order":0,"comment_status":"closed","ping_status":"closed","template":"page-templates\/full-width.php","meta":{"footnotes":""},"class_list":["post-53","page","type-page","status-publish","hentry"],"_links":{"self":[{"href":"https:\/\/gartenbauverein-stein.de\/index.php?rest_route=\/wp\/v2\/pages\/53","targetHints":{"allow":["GET"]}}],"collection":[{"href":"https:\/\/gartenbauverein-stein.de\/index.php?rest_route=\/wp\/v2\/pages"}],"about":[{"href":"https:\/\/gartenbauverein-stein.de\/index.php?rest_route=\/wp\/v2\/types\/page"}],"author":[{"embeddable":true,"href":"https:\/\/gartenbauverein-stein.de\/index.php?rest_route=\/wp\/v2\/users\/1"}],"replies":[{"embeddable":true,"href":"https:\/\/gartenbauverein-stein.de\/index.php?rest_route=%2Fwp%2Fv2%2Fcomments&post=53"}],"version-history":[{"count":14,"href":"https:\/\/gartenbauverein-stein.de\/index.php?rest_route=\/wp\/v2\/pages\/53\/revisions"}],"predecessor-version":[{"id":276,"href":"https:\/\/gartenbauverein-stein.de\/index.php?rest_route=\/wp\/v2\/pages\/53\/revisions\/276"}],"wp:attachment":[{"href":"https:\/\/gartenbauverein-stein.de\/index.php?rest_route=%2Fwp%2Fv2%2Fmedia&parent=53"}],"curies":[{"name":"wp","href":"https:\/\/api.w.org\/{rel}","templated":true}]}}