{"id":49,"date":"2019-08-07T14:35:51","date_gmt":"2019-08-07T14:35:51","guid":{"rendered":"http:\/\/gartenbauverein-stein.de\/?page_id=49"},"modified":"2019-08-25T07:13:09","modified_gmt":"2019-08-25T07:13:09","slug":"ansprechpartner","status":"publish","type":"page","link":"https:\/\/gartenbauverein-stein.de\/?page_id=49","title":{"rendered":"Ansprechpartner"},"content":{"rendered":"<p>&nbsp;<\/p>\n<p><img loading=\"lazy\" decoding=\"async\" class=\"size-medium wp-image-151 alignleft\" src=\"http:\/\/gartenbauverein-stein.de\/wp-content\/uploads\/2019\/07\/Bettina-266x300.jpg\" alt=\"\" width=\"266\" height=\"300\" srcset=\"https:\/\/gartenbauverein-stein.de\/wp-content\/uploads\/2019\/07\/Bettina-266x300.jpg 266w, https:\/\/gartenbauverein-stein.de\/wp-content\/uploads\/2019\/07\/Bettina.jpg 589w\" sizes=\"auto, (max-width: 266px) 100vw, 266px\" \/><\/p>\n<p>&nbsp;<\/p>\n<p class=\"Textbody\"><span class=\"StrongEmphasis\">Erste Vorsitzende<\/span><\/p>\n<p class=\"Textbody\"><b> Frau Bettina Heckel<\/b><b><\/b><\/p>\n<p><a href=\"mailto:bettina.heckel@gartenbauverein-stein.de\"> bettina.heckel@gartenbauverein-stein.de<\/a><\/p>\n<p class=\"Textbody\"><b> Tel: +49 911 676999<\/b><b><\/b><\/p>\n<p>&nbsp;<\/p>\n<p>&nbsp;<\/p>\n<p>&nbsp;<\/p>\n<p>&nbsp;<\/p>\n<p>&nbsp;<\/p>\n<p align=\"LEFT\"><span style=\"color: #2b2b2b;\"><span style=\"font-family: Lato, sans-serif;\"><span style=\"font-size: medium;\"><b>Anregungen oder Vereinsbeitritt?<\/b><\/span><\/span><\/span><\/p>\n<p align=\"LEFT\"><a href=\"mailto:info@gartenbauverein-stein.de\">info@gartenbauverein-stein.de<\/a><\/p>\n<p align=\"LEFT\"><span style=\"color: #2b2b2b;\"><span style=\"font-family: Lato, sans-serif;\"><span style=\"font-size: medium;\"><b>Ver\u00f6ffentlichungen von Beitr\u00e4gen?<\/b><\/span><\/span><\/span><\/p>\n<p align=\"LEFT\"><a href=\"mailto:redaktion@gartenbauverein-stein.de\">redaktion@gartenbauverein-stein.de<\/a><\/p>\n<p align=\"LEFT\"><span style=\"color: #2b2b2b;\"><span style=\"font-family: Lato, sans-serif;\"><span style=\"font-size: medium;\"><b>Fragen zu Obst- oder Gem\u00fcseanbau?<\/b><\/span><\/span><\/span><\/p>\n<p align=\"LEFT\"><a href=\"mailto:gartenpfleger@gartenbauverein-stein.de\">gartenpfleger@gartenbauverein-stein.de<\/a><\/p>\n<p align=\"LEFT\"><span style=\"color: #2b2b2b;\"><span style=\"font-family: Lato, sans-serif;\"><span style=\"font-size: medium;\"><b>Konto\u00e4nderung oder Einzahlungen?<\/b><\/span><\/span><\/span><\/p>\n<p align=\"LEFT\"><a href=\"mailto:schatzmeister@gartenbauverein-stein.de\">schatzmeister@gartenbauverein-stein.de<\/a><\/p>\n<p align=\"LEFT\"><span style=\"color: #2b2b2b;\"><span style=\"font-family: Lato, sans-serif;\"><span style=\"font-size: medium;\"><b>Wir freuen uns auf Euren Input.<\/b><\/span><\/span><\/span><\/p>\n","protected":false},"excerpt":{"rendered":"<p>&nbsp; &nbsp; Erste Vorsitzende Frau Bettina Heckel bettina.heckel@gartenbauverein-stein.de Tel: +49 911 676999 &nbsp; &nbsp; &nbsp; &nbsp; &nbsp; Anregungen oder Vereinsbeitritt? info@gartenbauverein-stein.de Ver\u00f6ffentlichungen von Beitr\u00e4gen? redaktion@gartenbauverein-stein.de Fragen zu Obst- oder Gem\u00fcseanbau?<\/p>\n<p>\n                <span class=\"glyphicon glyphicon-arrow-right\"><a title=\"Continue reading\" href=\"https:\/\/gartenbauverein-stein.de\/?page_id=49\">Continue reading<\/a><\/span><\/p>\n","protected":false},"author":1,"featured_media":0,"parent":0,"menu_order":0,"comment_status":"closed","ping_status":"closed","template":"page-templates\/full-width.php","meta":{"footnotes":""},"class_list":["post-49","page","type-page","status-publish","hentry"],"_links":{"self":[{"href":"https:\/\/gartenbauverein-stein.de\/index.php?rest_route=\/wp\/v2\/pages\/49","targetHints":{"allow":["GET"]}}],"collection":[{"href":"https:\/\/gartenbauverein-stein.de\/index.php?rest_route=\/wp\/v2\/pages"}],"about":[{"href":"https:\/\/gartenbauverein-stein.de\/index.php?rest_route=\/wp\/v2\/types\/page"}],"author":[{"embeddable":true,"href":"https:\/\/gartenbauverein-stein.de\/index.php?rest_route=\/wp\/v2\/users\/1"}],"replies":[{"embeddable":true,"href":"https:\/\/gartenbauverein-stein.de\/index.php?rest_route=%2Fwp%2Fv2%2Fcomments&post=49"}],"version-history":[{"count":39,"href":"https:\/\/gartenbauverein-stein.de\/index.php?rest_route=\/wp\/v2\/pages\/49\/revisions"}],"predecessor-version":[{"id":248,"href":"https:\/\/gartenbauverein-stein.de\/index.php?rest_route=\/wp\/v2\/pages\/49\/revisions\/248"}],"wp:attachment":[{"href":"https:\/\/gartenbauverein-stein.de\/index.php?rest_route=%2Fwp%2Fv2%2Fmedia&parent=49"}],"curies":[{"name":"wp","href":"https:\/\/api.w.org\/{rel}","templated":true}]}}