{"id":213,"date":"2019-08-07T06:39:55","date_gmt":"2019-08-07T06:39:55","guid":{"rendered":"http:\/\/gartenbauverein-stein.de\/?page_id=213"},"modified":"2026-04-12T17:48:40","modified_gmt":"2026-04-12T17:48:40","slug":"aktuelles","status":"publish","type":"page","link":"https:\/\/gartenbauverein-stein.de\/?page_id=213","title":{"rendered":"Aktuelles"},"content":{"rendered":"<p>Liebe Mitglieder und Freunde des Vereins f\u00fcr Gartenbau und Landespflege Stein e.V., die Vereinsleitung m\u00f6chte sich f\u00fcr die gute Zusammenarbeit und Unterst\u00fctzung unseres Vereins bei allen uns Gewogenen nochmals recht herzlich bedanken.<\/p>\n<p>Mit freundlichen Gr\u00fc\u00dfen<br \/>\nBettina Heckel<br \/>\n1.Vorsitzende<\/p>\n<p style=\"text-align: center;\"><b><span data-contrast=\"none\">Vorschau auf die n\u00e4chsten Monate<\/span><\/b><span data-ccp-props=\"{&quot;201341983&quot;:0,&quot;335551550&quot;:2,&quot;335551620&quot;:2,&quot;335559739&quot;:0,&quot;335559740&quot;:240}\">\u00a0<\/span><\/p>\n<p><b><span data-contrast=\"none\"><span style=\"color: #008000;\">Freitag, 24. April \u2013 Mitgliederversammlung im Haus der Begegnung<\/span>, <span style=\"color: #666699;\">Alexanderstr. 6 \u2013 19:00 Uhr<\/span><\/span><\/b><span style=\"color: #666699;\" data-ccp-props=\"{&quot;335551550&quot;:2,&quot;335551620&quot;:2}\">\u00a0<\/span><br \/>\nEinladungen werden termingerecht per Mail oder Papier verteilt.<\/p>\n<p><span style=\"color: #008000;\"><b>Samstag, 25. April \u2013 Fr\u00fchjahrswanderung<\/b>\u00a0<\/span><\/p>\n<p>Das Wichtigste vorab: Der Bayerische Rundfunk hat in seinem Wirtshaustipp (20.07.2024) einen \u201eunglaublich bodenst\u00e4ndigen und herzlichen Familienbetrieb entdeckt: Im \u201aLandgasthaus Zwick\u2018 in Rudelsdorf packen von der Oma Seitzinger \u00fcber die Enkelt\u00f6chter bis hin zu den Schwiegers\u00f6hnen alle mit an\u201c. Freuen wir uns also schon jetzt auf ein kulinarisches Highlight nach unserer Rundwanderung!<\/p>\n<p>Wir starten unsere Tour am nahegelegenen Parkplatz. Gleich zu Beginn f\u00fchrt uns ein leicht zu bew\u00e4ltigender Anstieg in westlicher Richtung hinauf auf eine Hochebene. Von dort genie\u00dfen wir weite Ausblicke \u00fcber gro\u00dfz\u00fcgige, landwirtschaftlich genutzte Fl\u00e4chen.<\/p>\n<p><span class=\"Apple-converted-space\">\u00a0<\/span>Am Martinsbuck wenden wir uns zun\u00e4chst nach Norden und anschlie\u00dfend nach S\u00fcden, bevor wir in ein ausgedehntes Waldgebiet eintauchen, das wir schon bald wieder verlassen. Nach etwa zwei Dritteln der Strecke ist es Zeit f\u00fcr eine wohlverdiente, etwas l\u00e4ngere Verschnaufpause. Wie gewohnt laden wir euch dabei zur Verk\u00f6stigung mit selbstgebackenen Nussecken und hochprozentiger \u201eFl\u00fcssignahrung\u201c ein.<\/p>\n<p>Gut gest\u00e4rkt nehmen wir die letzte, kurze Etappe in Angriff, die uns zur\u00fcck zu unserem Ausgangspunkt nach Rudelsdorf f\u00fchrt.<\/p>\n<p>Bei sch\u00f6nem Wetter k\u00f6nnen wir die Einkehr im Biergarten genie\u00dfen. F\u00fcr 30 Personen ist bereits reserviert.<\/p>\n<p>Also: \u201eSchwingt Eure Hufe\u201c und seid zahlreich dabei \u2013 wir freuen uns auf euch!<\/p>\n<p><b><i>Daten zur Wanderung:<br \/>\n<\/i><\/b><i>Rundwanderweg<\/i>, Streckenl\u00e4nge rund 8 km; Schwierigkeitsgrad: einfach<\/p>\n<p><i>Anfahr<\/i>t (20 km; ein Vorschlag, denn viele Wege f\u00fchren nach Rom)<span class=\"Apple-converted-space\">\u00a0<\/span><\/p>\n<ul>\n<li>Stein-Gro\u00dfweismannsdorf: B14<\/li>\n<li>In Gro\u00dfweismannsdorf: an der Ampel: links abbiegen nach Regelsbach (2 km)<\/li>\n<li>In Regelsbach: rechts abbiegen in Richtung Kottensdorf (5 km)<\/li>\n<li>In Kottensdorf: links einbiegen in die St2239 in Richtung Schwabach (2 km)<\/li>\n<li>Am Kreisel bei Gustenfelden: erste Ausfahrt nach rechts, Richtungswegweiser Oberreichenbach (2 km)<\/li>\n<li>Am Ortseingang von Oberreichenbach: rechts in die Alexanderstra\u00dfe einbiegen und nach 50 m links in Richtung Kammerstein (2,5 km)<span class=\"Apple-converted-space\">\u00a0<\/span><\/li>\n<li>Am Kreisel vor Kammerstein: erste Ausfahrt nach rechts auf die Bundesstra\u00dfe 466 in Richtung Gunzenhausen<\/li>\n<li>Nach ca.4 km rechts abbiegen. Wegweiser nach Rudelsdorf<span class=\"Apple-converted-space\">\u00a0<\/span><\/li>\n<li>Am Ortseingang (nach 1,5 km) rechts: gro\u00dfer Parkplatz (unser <b>Treffpunkt.<\/b>) Etwa 200 m weiter auf der linken Seite befindet sich das Landgasthaus Zwick<\/li>\n<\/ul>\n<p><i>Termine<\/i><i><\/i><\/p>\n<ul>\n<li><b>Start vom Treffpunkt: 10h00<\/b><b><\/b><\/li>\n<li>Reservierung: ab <b>13h00<\/b><br \/>\nWir k\u00f6nnen im Gasthaus \u00e0 la carte bestellen<br \/>\n(Speisekarte <a href=\"http:\/\/www.landgasthaus-zwick.de\">www.landgasthaus-zwick.de<\/a>)<span class=\"Apple-converted-space\">\u00a0<\/span><\/li>\n<\/ul>\n<p>&nbsp;<\/p>\n<p>&nbsp;<\/p>\n","protected":false},"excerpt":{"rendered":"<p>Liebe Mitglieder und Freunde des Vereins f\u00fcr Gartenbau und Landespflege Stein e.V., die Vereinsleitung m\u00f6chte sich f\u00fcr die gute Zusammenarbeit und Unterst\u00fctzung unseres Vereins bei allen uns Gewogenen nochmals recht<\/p>\n<p>\n                <span class=\"glyphicon glyphicon-arrow-right\"><a title=\"Continue reading\" href=\"https:\/\/gartenbauverein-stein.de\/?page_id=213\">Continue reading<\/a><\/span><\/p>\n","protected":false},"author":1,"featured_media":0,"parent":0,"menu_order":0,"comment_status":"closed","ping_status":"closed","template":"page-templates\/full-width.php","meta":{"footnotes":""},"class_list":["post-213","page","type-page","status-publish","hentry"],"_links":{"self":[{"href":"https:\/\/gartenbauverein-stein.de\/index.php?rest_route=\/wp\/v2\/pages\/213","targetHints":{"allow":["GET"]}}],"collection":[{"href":"https:\/\/gartenbauverein-stein.de\/index.php?rest_route=\/wp\/v2\/pages"}],"about":[{"href":"https:\/\/gartenbauverein-stein.de\/index.php?rest_route=\/wp\/v2\/types\/page"}],"author":[{"embeddable":true,"href":"https:\/\/gartenbauverein-stein.de\/index.php?rest_route=\/wp\/v2\/users\/1"}],"replies":[{"embeddable":true,"href":"https:\/\/gartenbauverein-stein.de\/index.php?rest_route=%2Fwp%2Fv2%2Fcomments&post=213"}],"version-history":[{"count":164,"href":"https:\/\/gartenbauverein-stein.de\/index.php?rest_route=\/wp\/v2\/pages\/213\/revisions"}],"predecessor-version":[{"id":255,"href":"https:\/\/gartenbauverein-stein.de\/index.php?rest_route=\/wp\/v2\/pages\/213\/revisions\/255"}],"wp:attachment":[{"href":"https:\/\/gartenbauverein-stein.de\/index.php?rest_route=%2Fwp%2Fv2%2Fmedia&parent=213"}],"curies":[{"name":"wp","href":"https:\/\/api.w.org\/{rel}","templated":true}]}}